{"id":1147,"date":"2018-03-22T14:05:05","date_gmt":"2018-03-22T13:05:05","guid":{"rendered":"https:\/\/buggyfit.ch\/fitness-nach-geburt\/"},"modified":"2020-06-04T17:55:26","modified_gmt":"2020-06-04T15:55:26","slug":"fitness-after-delivery","status":"publish","type":"page","link":"https:\/\/staging.buggyfit.ch\/en\/fitness-after-delivery\/","title":{"rendered":"Fitness after delivery"},"content":{"rendered":"<div class=\"wpb-content-wrapper\"><p>[vc_row][vc_column][vc_column_text]You would like to exercise in the fresh air with your baby? Preferably together with other mothers?<\/p>\n<p>After delivery, exercise helps to get back in shape and at the same time the fresh air gets your circulation going.<\/p>\n<p>The aim of the courses is to give mothers the opportunity to get to know other mothers together with their baby and at the same time achieve a normal weight within one year after giving birth.<\/p>\n<p>There are two different types of fitness courses:<\/p>\n<ul>\n<li>buggyfit (fitness with a child in a stroller)<\/li>\n<li>Nordic walking with baby in a sling<\/li>\n<\/ul>\n<p>Before you start exercising again, we recommend to join a pelvic floor training course to active your pelvic floor muscles. Check out the information videos of Health Promotion Switzerland to get started: &#8216;<a href=\"https:\/\/www.youtube.com\/watch?v=tzHaxztUQZQ&amp;list=PLet_hcj0OTdB5UqV77Fjh_QR24BSmxPG4&amp;index=1\">Pelvic floor training<\/a>&#8216;, &#8216;<a href=\"https:\/\/www.youtube.com\/watch?v=1n5IA_sEZxs&amp;list=PLet_hcj0OTdB5UqV77Fjh_QR24BSmxPG4&amp;index=3\">Perception of pelvic floor<\/a>&#8216;, &#8216;<a href=\"https:\/\/www.youtube.com\/watch?v=qU8jLPiIUHw&amp;list=PLet_hcj0OTdB5UqV77Fjh_QR24BSmxPG4&amp;index=4\">Strengthening pelvic floor<\/a>&#8216; and &#8216;<a href=\"https:\/\/www.youtube.com\/watch?v=-S9_0xkjSZI&amp;list=PLet_hcj0OTdB5UqV77Fjh_QR24BSmxPG4&amp;index=5\">Getting active again<\/a>&#8216;.[\/vc_column_text][\/vc_column][\/vc_row]<\/p>\n<\/div>","protected":false},"excerpt":{"rendered":"<p>[vc_row][vc_column][vc_column_text]You would like to exercise in the fresh air with your baby? Preferably together with other mothers? After delivery, exercise helps to get back in shape and at the same time the fresh air gets your circulation going. The aim of the courses is to give mothers the opportunity to get to know other mothers [&hellip;]<\/p>\n","protected":false},"author":13,"featured_media":0,"parent":0,"menu_order":26,"comment_status":"closed","ping_status":"closed","template":"page-fitness-geburt.php","meta":{"_acf_changed":false,"footnotes":""},"class_list":["post-1147","page","type-page","status-publish","hentry"],"acf":[],"yoast_head":"<!-- This site is optimized with the Yoast SEO plugin v26.4 - https:\/\/yoast.com\/wordpress\/plugins\/seo\/ -->\n<title>buggyfit Fitness nach Geburt<\/title>\n<meta name=\"description\" content=\"Sie sind Mutter geworden und m\u00f6chten sich an der frischen Luft bewegen? Und mit anderen M\u00fcttern austauschen? Hier zeigen wir Ihnen, wie das geht und wo Sie andere M\u00fctter treffen.\" \/>\n<meta name=\"robots\" content=\"noindex, follow, max-snippet:-1, max-image-preview:large, max-video-preview:-1\" \/>\n<meta property=\"og:locale\" content=\"en_US\" \/>\n<meta property=\"og:type\" content=\"article\" \/>\n<meta property=\"og:title\" content=\"buggyfit Fitness nach Geburt\" \/>\n<meta property=\"og:description\" content=\"Sie sind Mutter geworden und m\u00f6chten sich an der frischen Luft bewegen? Und mit anderen M\u00fcttern austauschen? Hier zeigen wir Ihnen, wie das geht und wo Sie andere M\u00fctter treffen.\" \/>\n<meta property=\"og:url\" content=\"https:\/\/staging.buggyfit.ch\/en\/fitness-after-delivery\/\" \/>\n<meta property=\"og:site_name\" content=\"Buggyfit\" \/>\n<meta property=\"article:modified_time\" content=\"2020-06-04T15:55:26+00:00\" \/>\n<meta name=\"twitter:card\" content=\"summary_large_image\" \/>\n<meta name=\"twitter:label1\" content=\"Est. reading time\" \/>\n\t<meta name=\"twitter:data1\" content=\"1 minute\" \/>\n<script type=\"application\/ld+json\" class=\"yoast-schema-graph\">{\"@context\":\"https:\/\/schema.org\",\"@graph\":[{\"@type\":\"WebPage\",\"@id\":\"https:\/\/staging.buggyfit.ch\/en\/fitness-after-delivery\/\",\"url\":\"https:\/\/staging.buggyfit.ch\/en\/fitness-after-delivery\/\",\"name\":\"buggyfit Fitness nach Geburt\",\"isPartOf\":{\"@id\":\"https:\/\/staging.buggyfit.ch\/en\/#website\"},\"datePublished\":\"2018-03-22T13:05:05+00:00\",\"dateModified\":\"2020-06-04T15:55:26+00:00\",\"description\":\"Sie sind Mutter geworden und m\u00f6chten sich an der frischen Luft bewegen? Und mit anderen M\u00fcttern austauschen? Hier zeigen wir Ihnen, wie das geht und wo Sie andere M\u00fctter treffen.\",\"breadcrumb\":{\"@id\":\"https:\/\/staging.buggyfit.ch\/en\/fitness-after-delivery\/#breadcrumb\"},\"inLanguage\":\"en-US\",\"potentialAction\":[{\"@type\":\"ReadAction\",\"target\":[\"https:\/\/staging.buggyfit.ch\/en\/fitness-after-delivery\/\"]}]},{\"@type\":\"BreadcrumbList\",\"@id\":\"https:\/\/staging.buggyfit.ch\/en\/fitness-after-delivery\/#breadcrumb\",\"itemListElement\":[{\"@type\":\"ListItem\",\"position\":1,\"name\":\"Home\",\"item\":\"https:\/\/staging.buggyfit.ch\/en\/\"},{\"@type\":\"ListItem\",\"position\":2,\"name\":\"Fitness after delivery\"}]},{\"@type\":\"WebSite\",\"@id\":\"https:\/\/staging.buggyfit.ch\/en\/#website\",\"url\":\"https:\/\/staging.buggyfit.ch\/en\/\",\"name\":\"Buggyfit\",\"description\":\"\",\"potentialAction\":[{\"@type\":\"SearchAction\",\"target\":{\"@type\":\"EntryPoint\",\"urlTemplate\":\"https:\/\/staging.buggyfit.ch\/en\/?s={search_term_string}\"},\"query-input\":{\"@type\":\"PropertyValueSpecification\",\"valueRequired\":true,\"valueName\":\"search_term_string\"}}],\"inLanguage\":\"en-US\"}]}<\/script>\n<!-- \/ Yoast SEO plugin. -->","yoast_head_json":{"title":"buggyfit Fitness nach Geburt","description":"Sie sind Mutter geworden und m\u00f6chten sich an der frischen Luft bewegen? Und mit anderen M\u00fcttern austauschen? Hier zeigen wir Ihnen, wie das geht und wo Sie andere M\u00fctter treffen.","robots":{"index":"noindex","follow":"follow","max-snippet":"max-snippet:-1","max-image-preview":"max-image-preview:large","max-video-preview":"max-video-preview:-1"},"og_locale":"en_US","og_type":"article","og_title":"buggyfit Fitness nach Geburt","og_description":"Sie sind Mutter geworden und m\u00f6chten sich an der frischen Luft bewegen? Und mit anderen M\u00fcttern austauschen? Hier zeigen wir Ihnen, wie das geht und wo Sie andere M\u00fctter treffen.","og_url":"https:\/\/staging.buggyfit.ch\/en\/fitness-after-delivery\/","og_site_name":"Buggyfit","article_modified_time":"2020-06-04T15:55:26+00:00","twitter_card":"summary_large_image","twitter_misc":{"Est. reading time":"1 minute"},"schema":{"@context":"https:\/\/schema.org","@graph":[{"@type":"WebPage","@id":"https:\/\/staging.buggyfit.ch\/en\/fitness-after-delivery\/","url":"https:\/\/staging.buggyfit.ch\/en\/fitness-after-delivery\/","name":"buggyfit Fitness nach Geburt","isPartOf":{"@id":"https:\/\/staging.buggyfit.ch\/en\/#website"},"datePublished":"2018-03-22T13:05:05+00:00","dateModified":"2020-06-04T15:55:26+00:00","description":"Sie sind Mutter geworden und m\u00f6chten sich an der frischen Luft bewegen? Und mit anderen M\u00fcttern austauschen? Hier zeigen wir Ihnen, wie das geht und wo Sie andere M\u00fctter treffen.","breadcrumb":{"@id":"https:\/\/staging.buggyfit.ch\/en\/fitness-after-delivery\/#breadcrumb"},"inLanguage":"en-US","potentialAction":[{"@type":"ReadAction","target":["https:\/\/staging.buggyfit.ch\/en\/fitness-after-delivery\/"]}]},{"@type":"BreadcrumbList","@id":"https:\/\/staging.buggyfit.ch\/en\/fitness-after-delivery\/#breadcrumb","itemListElement":[{"@type":"ListItem","position":1,"name":"Home","item":"https:\/\/staging.buggyfit.ch\/en\/"},{"@type":"ListItem","position":2,"name":"Fitness after delivery"}]},{"@type":"WebSite","@id":"https:\/\/staging.buggyfit.ch\/en\/#website","url":"https:\/\/staging.buggyfit.ch\/en\/","name":"Buggyfit","description":"","potentialAction":[{"@type":"SearchAction","target":{"@type":"EntryPoint","urlTemplate":"https:\/\/staging.buggyfit.ch\/en\/?s={search_term_string}"},"query-input":{"@type":"PropertyValueSpecification","valueRequired":true,"valueName":"search_term_string"}}],"inLanguage":"en-US"}]}},"_links":{"self":[{"href":"https:\/\/staging.buggyfit.ch\/en\/wp-json\/wp\/v2\/pages\/1147","targetHints":{"allow":["GET"]}}],"collection":[{"href":"https:\/\/staging.buggyfit.ch\/en\/wp-json\/wp\/v2\/pages"}],"about":[{"href":"https:\/\/staging.buggyfit.ch\/en\/wp-json\/wp\/v2\/types\/page"}],"author":[{"embeddable":true,"href":"https:\/\/staging.buggyfit.ch\/en\/wp-json\/wp\/v2\/users\/13"}],"replies":[{"embeddable":true,"href":"https:\/\/staging.buggyfit.ch\/en\/wp-json\/wp\/v2\/comments?post=1147"}],"version-history":[{"count":9,"href":"https:\/\/staging.buggyfit.ch\/en\/wp-json\/wp\/v2\/pages\/1147\/revisions"}],"predecessor-version":[{"id":1738,"href":"https:\/\/staging.buggyfit.ch\/en\/wp-json\/wp\/v2\/pages\/1147\/revisions\/1738"}],"wp:attachment":[{"href":"https:\/\/staging.buggyfit.ch\/en\/wp-json\/wp\/v2\/media?parent=1147"}],"curies":[{"name":"wp","href":"https:\/\/api.w.org\/{rel}","templated":true}]}}