{"id":1138,"date":"2018-03-22T14:04:18","date_gmt":"2018-03-22T13:04:18","guid":{"rendered":"https:\/\/buggyfit.ch\/ernaehrungsberatung-schwangerschaft\/"},"modified":"2020-05-01T09:12:04","modified_gmt":"2020-05-01T07:12:04","slug":"conseil-en-nutrition","status":"publish","type":"page","link":"https:\/\/staging.buggyfit.ch\/fr\/conseil-en-nutrition\/","title":{"rendered":"Conseil en nutrition"},"content":{"rendered":"<div class=\"wpb-content-wrapper\"><p>[vc_row css_animation=\u00a0\u00bbnone\u00a0\u00bb][vc_column][vc_column_text]Combien de produits laitiers dois-je consommer? Ai-je droit aux sushis? Comment vais-je perdre mes kilos superflus apr\u00e8s la grossesse?<\/p>\n<p>Presque toutes les femmes enceintes se posent des questions sur leur alimentation, un th\u00e8me qui continue de pr\u00e9occuper de nombreuses m\u00e8res apr\u00e8s la naissance. Afin de transmettre les informations correspondantes de mani\u00e8re compr\u00e9hensible et pratique, nous proposons des consultations en nutrition.<\/p>\n<p>L\u2019id\u00e9al serait une premi\u00e8re consultation le plus t\u00f4t possible pendant la grossesse. Une alimentation saine vous permet d&rsquo;\u00e9viter une prise de poids excessive pendant la grossesse, et de retrouver plus facilement votre poids d\u2019origine apr\u00e8s la naissance. En tant que maman, vous pouvez montrer \u00e0 votre enfant qu\u2019une alimentation saine est aussi synonyme de plaisir.[\/vc_column_text][\/vc_column][\/vc_row]<\/p>\n<\/div>","protected":false},"excerpt":{"rendered":"<p>[vc_row css_animation=\u00a0\u00bbnone\u00a0\u00bb][vc_column][vc_column_text]Combien de produits laitiers dois-je consommer? Ai-je droit aux sushis? Comment vais-je perdre mes kilos superflus apr\u00e8s la grossesse? Presque toutes les femmes enceintes se posent des questions sur leur alimentation, un th\u00e8me qui continue de pr\u00e9occuper de nombreuses m\u00e8res apr\u00e8s la naissance. Afin de transmettre les informations correspondantes de mani\u00e8re compr\u00e9hensible et pratique, [&hellip;]<\/p>\n","protected":false},"author":13,"featured_media":0,"parent":0,"menu_order":7,"comment_status":"closed","ping_status":"closed","template":"page-ernahrungsberatung-schwangerschaft.php","meta":{"_acf_changed":false,"footnotes":""},"class_list":["post-1138","page","type-page","status-publish","hentry"],"acf":[],"yoast_head":"<!-- This site is optimized with the Yoast SEO plugin v26.4 - https:\/\/yoast.com\/wordpress\/plugins\/seo\/ -->\n<title>buggyfit Ern\u00e4hrungsberatung vor und nach der Schwangerschaft<\/title>\n<meta name=\"description\" content=\"Wie viele Milchprodukte sollte ich essen? Wie sieht es aus mit Sushi? Hier beantworten wir Ihre Fragen zu Ern\u00e4hrung vor und nach der Schwangerschaft.\" \/>\n<meta name=\"robots\" content=\"noindex, follow, max-snippet:-1, max-image-preview:large, max-video-preview:-1\" \/>\n<meta property=\"og:locale\" content=\"fr_FR\" \/>\n<meta property=\"og:type\" content=\"article\" \/>\n<meta property=\"og:title\" content=\"buggyfit Ern\u00e4hrungsberatung vor und nach der Schwangerschaft\" \/>\n<meta property=\"og:description\" content=\"Wie viele Milchprodukte sollte ich essen? Wie sieht es aus mit Sushi? Hier beantworten wir Ihre Fragen zu Ern\u00e4hrung vor und nach der Schwangerschaft.\" \/>\n<meta property=\"og:url\" content=\"https:\/\/staging.buggyfit.ch\/fr\/conseil-en-nutrition\/\" \/>\n<meta property=\"og:site_name\" content=\"Buggyfit\" \/>\n<meta property=\"article:modified_time\" content=\"2020-05-01T07:12:04+00:00\" \/>\n<meta name=\"twitter:card\" content=\"summary_large_image\" \/>\n<meta name=\"twitter:label1\" content=\"Dur\u00e9e de lecture estim\u00e9e\" \/>\n\t<meta name=\"twitter:data1\" content=\"1 minute\" \/>\n<script type=\"application\/ld+json\" class=\"yoast-schema-graph\">{\"@context\":\"https:\/\/schema.org\",\"@graph\":[{\"@type\":\"WebPage\",\"@id\":\"https:\/\/staging.buggyfit.ch\/fr\/conseil-en-nutrition\/\",\"url\":\"https:\/\/staging.buggyfit.ch\/fr\/conseil-en-nutrition\/\",\"name\":\"buggyfit Ern\u00e4hrungsberatung vor und nach der Schwangerschaft\",\"isPartOf\":{\"@id\":\"https:\/\/staging.buggyfit.ch\/fr\/#website\"},\"datePublished\":\"2018-03-22T13:04:18+00:00\",\"dateModified\":\"2020-05-01T07:12:04+00:00\",\"description\":\"Wie viele Milchprodukte sollte ich essen? Wie sieht es aus mit Sushi? Hier beantworten wir Ihre Fragen zu Ern\u00e4hrung vor und nach der Schwangerschaft.\",\"breadcrumb\":{\"@id\":\"https:\/\/staging.buggyfit.ch\/fr\/conseil-en-nutrition\/#breadcrumb\"},\"inLanguage\":\"fr-FR\",\"potentialAction\":[{\"@type\":\"ReadAction\",\"target\":[\"https:\/\/staging.buggyfit.ch\/fr\/conseil-en-nutrition\/\"]}]},{\"@type\":\"BreadcrumbList\",\"@id\":\"https:\/\/staging.buggyfit.ch\/fr\/conseil-en-nutrition\/#breadcrumb\",\"itemListElement\":[{\"@type\":\"ListItem\",\"position\":1,\"name\":\"Home\",\"item\":\"https:\/\/staging.buggyfit.ch\/fr\/\"},{\"@type\":\"ListItem\",\"position\":2,\"name\":\"Conseil en nutrition\"}]},{\"@type\":\"WebSite\",\"@id\":\"https:\/\/staging.buggyfit.ch\/fr\/#website\",\"url\":\"https:\/\/staging.buggyfit.ch\/fr\/\",\"name\":\"Buggyfit\",\"description\":\"\",\"potentialAction\":[{\"@type\":\"SearchAction\",\"target\":{\"@type\":\"EntryPoint\",\"urlTemplate\":\"https:\/\/staging.buggyfit.ch\/fr\/?s={search_term_string}\"},\"query-input\":{\"@type\":\"PropertyValueSpecification\",\"valueRequired\":true,\"valueName\":\"search_term_string\"}}],\"inLanguage\":\"fr-FR\"}]}<\/script>\n<!-- \/ Yoast SEO plugin. -->","yoast_head_json":{"title":"buggyfit Ern\u00e4hrungsberatung vor und nach der Schwangerschaft","description":"Wie viele Milchprodukte sollte ich essen? Wie sieht es aus mit Sushi? Hier beantworten wir Ihre Fragen zu Ern\u00e4hrung vor und nach der Schwangerschaft.","robots":{"index":"noindex","follow":"follow","max-snippet":"max-snippet:-1","max-image-preview":"max-image-preview:large","max-video-preview":"max-video-preview:-1"},"og_locale":"fr_FR","og_type":"article","og_title":"buggyfit Ern\u00e4hrungsberatung vor und nach der Schwangerschaft","og_description":"Wie viele Milchprodukte sollte ich essen? Wie sieht es aus mit Sushi? Hier beantworten wir Ihre Fragen zu Ern\u00e4hrung vor und nach der Schwangerschaft.","og_url":"https:\/\/staging.buggyfit.ch\/fr\/conseil-en-nutrition\/","og_site_name":"Buggyfit","article_modified_time":"2020-05-01T07:12:04+00:00","twitter_card":"summary_large_image","twitter_misc":{"Dur\u00e9e de lecture estim\u00e9e":"1 minute"},"schema":{"@context":"https:\/\/schema.org","@graph":[{"@type":"WebPage","@id":"https:\/\/staging.buggyfit.ch\/fr\/conseil-en-nutrition\/","url":"https:\/\/staging.buggyfit.ch\/fr\/conseil-en-nutrition\/","name":"buggyfit Ern\u00e4hrungsberatung vor und nach der Schwangerschaft","isPartOf":{"@id":"https:\/\/staging.buggyfit.ch\/fr\/#website"},"datePublished":"2018-03-22T13:04:18+00:00","dateModified":"2020-05-01T07:12:04+00:00","description":"Wie viele Milchprodukte sollte ich essen? Wie sieht es aus mit Sushi? Hier beantworten wir Ihre Fragen zu Ern\u00e4hrung vor und nach der Schwangerschaft.","breadcrumb":{"@id":"https:\/\/staging.buggyfit.ch\/fr\/conseil-en-nutrition\/#breadcrumb"},"inLanguage":"fr-FR","potentialAction":[{"@type":"ReadAction","target":["https:\/\/staging.buggyfit.ch\/fr\/conseil-en-nutrition\/"]}]},{"@type":"BreadcrumbList","@id":"https:\/\/staging.buggyfit.ch\/fr\/conseil-en-nutrition\/#breadcrumb","itemListElement":[{"@type":"ListItem","position":1,"name":"Home","item":"https:\/\/staging.buggyfit.ch\/fr\/"},{"@type":"ListItem","position":2,"name":"Conseil en nutrition"}]},{"@type":"WebSite","@id":"https:\/\/staging.buggyfit.ch\/fr\/#website","url":"https:\/\/staging.buggyfit.ch\/fr\/","name":"Buggyfit","description":"","potentialAction":[{"@type":"SearchAction","target":{"@type":"EntryPoint","urlTemplate":"https:\/\/staging.buggyfit.ch\/fr\/?s={search_term_string}"},"query-input":{"@type":"PropertyValueSpecification","valueRequired":true,"valueName":"search_term_string"}}],"inLanguage":"fr-FR"}]}},"_links":{"self":[{"href":"https:\/\/staging.buggyfit.ch\/fr\/wp-json\/wp\/v2\/pages\/1138","targetHints":{"allow":["GET"]}}],"collection":[{"href":"https:\/\/staging.buggyfit.ch\/fr\/wp-json\/wp\/v2\/pages"}],"about":[{"href":"https:\/\/staging.buggyfit.ch\/fr\/wp-json\/wp\/v2\/types\/page"}],"author":[{"embeddable":true,"href":"https:\/\/staging.buggyfit.ch\/fr\/wp-json\/wp\/v2\/users\/13"}],"replies":[{"embeddable":true,"href":"https:\/\/staging.buggyfit.ch\/fr\/wp-json\/wp\/v2\/comments?post=1138"}],"version-history":[{"count":9,"href":"https:\/\/staging.buggyfit.ch\/fr\/wp-json\/wp\/v2\/pages\/1138\/revisions"}],"predecessor-version":[{"id":1665,"href":"https:\/\/staging.buggyfit.ch\/fr\/wp-json\/wp\/v2\/pages\/1138\/revisions\/1665"}],"wp:attachment":[{"href":"https:\/\/staging.buggyfit.ch\/fr\/wp-json\/wp\/v2\/media?parent=1138"}],"curies":[{"name":"wp","href":"https:\/\/api.w.org\/{rel}","templated":true}]}}