{"id":1158,"date":"2018-03-22T14:05:28","date_gmt":"2018-03-22T13:05:28","guid":{"rendered":"https:\/\/buggyfit.ch\/ueber-uns\/"},"modified":"2020-06-04T18:39:25","modified_gmt":"2020-06-04T16:39:25","slug":"nous-connaitre","status":"publish","type":"page","link":"https:\/\/staging.buggyfit.ch\/fr\/nous-connaitre\/","title":{"rendered":"Nous conna\u00eetre"},"content":{"rendered":"<div class=\"wpb-content-wrapper\"><p>[vc_row][vc_column][vc_column_text]<\/p>\n<h1>Nous conna\u00eetre<\/h1>\n<p>[\/vc_column_text][\/vc_column][\/vc_row][vc_row full_width=\u00a0\u00bbstretch_row_content_no_spaces\u00a0\u00bb][vc_column]<div class=\"mitarbeiter-container\"><div class=\"mitarbeiter-single\"><div class=\"inside\"><div class=\"row\"><div class=\"mitarbeiter-image col-md-6 col-sm-6 animate\"><img class=\"lazy\" data-src=\"https:\/\/staging.buggyfit.ch\/wp-content\/uploads\/buggyfit_katharina-quack-loetscher.jpg\" alt=\"Katharina Quack L\u00f6tscher\"\/><\/div><div class=\"mitarbeiter-info col-md-6 col-sm-6 animate\"><span class=\"name\">Katharina Quack L\u00f6tscher<\/span><span class=\"position\">Pr\u00e4sidentin Verein PEBS \/ Gesch\u00e4ftsf\u00fchrerin nutrimove GmbH<\/span><p>Fast alle Schwangeren, die ich betreue, haben Fragen zu Ern\u00e4hrung und Bewegung in der Schwangerschaft und Stillzeit. Um all diesen Fragen gerecht zu werden, habe ich das Konzept PEBS 'Pr\u00e4ventive Ern\u00e4hrungs- und Bewegungsberatung in der Schwangerschaft bis ein Jahr nach Geburt' entwickelt. Hier kommen all meine Erfahrungen als \u00c4rztin, Wissenschaftlerin und Mutter auf einen Punkt: Wer als Schwangere und Mutter auf seine Ern\u00e4hrung und Fitness achtet, investiert gleichzeitig in die Gesundheit seines Kindes. Als Gesch\u00e4ftsf\u00fchrerin der Firma nutrimove GmbH und Pr\u00e4sidentin des Vereins PEBS ist mein Moto: Gsundi Mamis - gsundi Chind.<\/p>\n<\/div><\/div><\/div><\/div><\/div>[\/vc_column][\/vc_row][vc_row][vc_column][vc_column_text]<strong>Verein PEBS et nutrimove GmbH<\/strong><\/p>\n<p>PEBS est l\u2019acronyme allemand du concept \u00abPr\u00e4ventive Ern\u00e4hrungs- und Bewegungsberatung in der Schwangerschaft bis ein Jahr nach Geburt\u00bb, ou conseils en nutrition et en activit\u00e9 physique pendant la grossesse et jusqu&rsquo;\u00e0 un an apr\u00e8s la naissance. Dans le cadre de ce concept, nous proposons depuis 2009 des consultations en nutrition et des cours de fitness \u00e0 l\u2019h\u00f4pital universitaire de Zurich. Depuis, d\u2019autres sites sont venus s\u2019ajouter \u00e0 la liste. Notre ambition est de permettre \u00e0 chaque femme enceinte de b\u00e9n\u00e9ficier au moins d\u2019une consultation en nutrition pendant sa grossesse et apr\u00e8s la naissance afin qu\u2019elle soit inform\u00e9e des aliments et habitudes alimentaires saines. Par ailleurs, chaque femme enceinte et m\u00e8re doit pouvoir participer \u00e0 des cours de fitness si elle ne le pratique pas d\u00e9j\u00e0 elle-m\u00eame. Dans ce contexte, la s\u00e9curit\u00e9 de la m\u00e8re est de l\u2019enfant est cruciale pour nous.<\/p>\n<p>Les migrantes et les femmes disposant de faibles revenus doivent faire l\u2019objet d\u2019un soutien particulier dans ces domaines, car elles sont souvent davantage concern\u00e9es par le surpoids. Avec une offre \u00e0 bas seuil ainsi qu\u2019un soutien financier et local, il est possible de r\u00e9pondre correctement aux besoins de ces groupes.<\/p>\n<p>Depuis avril 2019, la marque \u00abbuggyfit\u00bb appartient \u00e0 l\u2019entreprise nutrimove GmbH. nutrimove GmbH organise des cours de fitness \u00e0 Zurich ainsi que des formations continues.[\/vc_column_text][\/vc_column][\/vc_row]<\/p>\n<\/div>","protected":false},"excerpt":{"rendered":"<p>[vc_row][vc_column][vc_column_text] Nous conna\u00eetre [\/vc_column_text][\/vc_column][\/vc_row][vc_row full_width=\u00a0\u00bbstretch_row_content_no_spaces\u00a0\u00bb][vc_column][\/vc_column][\/vc_row][vc_row][vc_column][vc_column_text]Verein PEBS et nutrimove GmbH PEBS est l\u2019acronyme allemand du concept \u00abPr\u00e4ventive Ern\u00e4hrungs- und Bewegungsberatung in der Schwangerschaft bis ein Jahr nach Geburt\u00bb, ou conseils en nutrition et en activit\u00e9 physique pendant la grossesse et jusqu&rsquo;\u00e0 un an apr\u00e8s la naissance. Dans le cadre de ce concept, nous proposons depuis 2009 [&hellip;]<\/p>\n","protected":false},"author":13,"featured_media":0,"parent":0,"menu_order":34,"comment_status":"closed","ping_status":"closed","template":"","meta":{"_acf_changed":false,"footnotes":""},"class_list":["post-1158","page","type-page","status-publish","hentry"],"acf":[],"yoast_head":"<!-- This site is optimized with the Yoast SEO plugin v26.4 - https:\/\/yoast.com\/wordpress\/plugins\/seo\/ -->\n<title>buggyfit \u00fcber uns \u2013 Verein PEBS<\/title>\n<meta name=\"description\" content=\"Seit 2009 bieten wir Schwangeren und M\u00fcttern Ern\u00e4hrungsberatung und Fitnesskurse an um die Gesundheit von Mutter und Kind zu verbessern.\" \/>\n<meta name=\"robots\" content=\"noindex, follow, max-snippet:-1, max-image-preview:large, max-video-preview:-1\" \/>\n<meta property=\"og:locale\" content=\"fr_FR\" \/>\n<meta property=\"og:type\" content=\"article\" \/>\n<meta property=\"og:title\" content=\"buggyfit \u00fcber uns \u2013 Verein PEBS\" \/>\n<meta property=\"og:description\" content=\"Seit 2009 bieten wir Schwangeren und M\u00fcttern Ern\u00e4hrungsberatung und Fitnesskurse an um die Gesundheit von Mutter und Kind zu verbessern.\" \/>\n<meta property=\"og:url\" content=\"https:\/\/staging.buggyfit.ch\/fr\/nous-connaitre\/\" \/>\n<meta property=\"og:site_name\" content=\"Buggyfit\" \/>\n<meta property=\"article:modified_time\" content=\"2020-06-04T16:39:25+00:00\" \/>\n<meta name=\"twitter:card\" content=\"summary_large_image\" \/>\n<meta name=\"twitter:label1\" content=\"Dur\u00e9e de lecture estim\u00e9e\" \/>\n\t<meta name=\"twitter:data1\" content=\"1 minute\" \/>\n<script type=\"application\/ld+json\" class=\"yoast-schema-graph\">{\"@context\":\"https:\/\/schema.org\",\"@graph\":[{\"@type\":\"WebPage\",\"@id\":\"https:\/\/staging.buggyfit.ch\/fr\/nous-connaitre\/\",\"url\":\"https:\/\/staging.buggyfit.ch\/fr\/nous-connaitre\/\",\"name\":\"buggyfit \u00fcber uns \u2013 Verein PEBS\",\"isPartOf\":{\"@id\":\"https:\/\/staging.buggyfit.ch\/fr\/#website\"},\"datePublished\":\"2018-03-22T13:05:28+00:00\",\"dateModified\":\"2020-06-04T16:39:25+00:00\",\"description\":\"Seit 2009 bieten wir Schwangeren und M\u00fcttern Ern\u00e4hrungsberatung und Fitnesskurse an um die Gesundheit von Mutter und Kind zu verbessern.\",\"breadcrumb\":{\"@id\":\"https:\/\/staging.buggyfit.ch\/fr\/nous-connaitre\/#breadcrumb\"},\"inLanguage\":\"fr-FR\",\"potentialAction\":[{\"@type\":\"ReadAction\",\"target\":[\"https:\/\/staging.buggyfit.ch\/fr\/nous-connaitre\/\"]}]},{\"@type\":\"BreadcrumbList\",\"@id\":\"https:\/\/staging.buggyfit.ch\/fr\/nous-connaitre\/#breadcrumb\",\"itemListElement\":[{\"@type\":\"ListItem\",\"position\":1,\"name\":\"Home\",\"item\":\"https:\/\/staging.buggyfit.ch\/fr\/\"},{\"@type\":\"ListItem\",\"position\":2,\"name\":\"Nous conna\u00eetre\"}]},{\"@type\":\"WebSite\",\"@id\":\"https:\/\/staging.buggyfit.ch\/fr\/#website\",\"url\":\"https:\/\/staging.buggyfit.ch\/fr\/\",\"name\":\"Buggyfit\",\"description\":\"\",\"potentialAction\":[{\"@type\":\"SearchAction\",\"target\":{\"@type\":\"EntryPoint\",\"urlTemplate\":\"https:\/\/staging.buggyfit.ch\/fr\/?s={search_term_string}\"},\"query-input\":{\"@type\":\"PropertyValueSpecification\",\"valueRequired\":true,\"valueName\":\"search_term_string\"}}],\"inLanguage\":\"fr-FR\"}]}<\/script>\n<!-- \/ Yoast SEO plugin. -->","yoast_head_json":{"title":"buggyfit \u00fcber uns \u2013 Verein PEBS","description":"Seit 2009 bieten wir Schwangeren und M\u00fcttern Ern\u00e4hrungsberatung und Fitnesskurse an um die Gesundheit von Mutter und Kind zu verbessern.","robots":{"index":"noindex","follow":"follow","max-snippet":"max-snippet:-1","max-image-preview":"max-image-preview:large","max-video-preview":"max-video-preview:-1"},"og_locale":"fr_FR","og_type":"article","og_title":"buggyfit \u00fcber uns \u2013 Verein PEBS","og_description":"Seit 2009 bieten wir Schwangeren und M\u00fcttern Ern\u00e4hrungsberatung und Fitnesskurse an um die Gesundheit von Mutter und Kind zu verbessern.","og_url":"https:\/\/staging.buggyfit.ch\/fr\/nous-connaitre\/","og_site_name":"Buggyfit","article_modified_time":"2020-06-04T16:39:25+00:00","twitter_card":"summary_large_image","twitter_misc":{"Dur\u00e9e de lecture estim\u00e9e":"1 minute"},"schema":{"@context":"https:\/\/schema.org","@graph":[{"@type":"WebPage","@id":"https:\/\/staging.buggyfit.ch\/fr\/nous-connaitre\/","url":"https:\/\/staging.buggyfit.ch\/fr\/nous-connaitre\/","name":"buggyfit \u00fcber uns \u2013 Verein PEBS","isPartOf":{"@id":"https:\/\/staging.buggyfit.ch\/fr\/#website"},"datePublished":"2018-03-22T13:05:28+00:00","dateModified":"2020-06-04T16:39:25+00:00","description":"Seit 2009 bieten wir Schwangeren und M\u00fcttern Ern\u00e4hrungsberatung und Fitnesskurse an um die Gesundheit von Mutter und Kind zu verbessern.","breadcrumb":{"@id":"https:\/\/staging.buggyfit.ch\/fr\/nous-connaitre\/#breadcrumb"},"inLanguage":"fr-FR","potentialAction":[{"@type":"ReadAction","target":["https:\/\/staging.buggyfit.ch\/fr\/nous-connaitre\/"]}]},{"@type":"BreadcrumbList","@id":"https:\/\/staging.buggyfit.ch\/fr\/nous-connaitre\/#breadcrumb","itemListElement":[{"@type":"ListItem","position":1,"name":"Home","item":"https:\/\/staging.buggyfit.ch\/fr\/"},{"@type":"ListItem","position":2,"name":"Nous conna\u00eetre"}]},{"@type":"WebSite","@id":"https:\/\/staging.buggyfit.ch\/fr\/#website","url":"https:\/\/staging.buggyfit.ch\/fr\/","name":"Buggyfit","description":"","potentialAction":[{"@type":"SearchAction","target":{"@type":"EntryPoint","urlTemplate":"https:\/\/staging.buggyfit.ch\/fr\/?s={search_term_string}"},"query-input":{"@type":"PropertyValueSpecification","valueRequired":true,"valueName":"search_term_string"}}],"inLanguage":"fr-FR"}]}},"_links":{"self":[{"href":"https:\/\/staging.buggyfit.ch\/fr\/wp-json\/wp\/v2\/pages\/1158","targetHints":{"allow":["GET"]}}],"collection":[{"href":"https:\/\/staging.buggyfit.ch\/fr\/wp-json\/wp\/v2\/pages"}],"about":[{"href":"https:\/\/staging.buggyfit.ch\/fr\/wp-json\/wp\/v2\/types\/page"}],"author":[{"embeddable":true,"href":"https:\/\/staging.buggyfit.ch\/fr\/wp-json\/wp\/v2\/users\/13"}],"replies":[{"embeddable":true,"href":"https:\/\/staging.buggyfit.ch\/fr\/wp-json\/wp\/v2\/comments?post=1158"}],"version-history":[{"count":7,"href":"https:\/\/staging.buggyfit.ch\/fr\/wp-json\/wp\/v2\/pages\/1158\/revisions"}],"predecessor-version":[{"id":1745,"href":"https:\/\/staging.buggyfit.ch\/fr\/wp-json\/wp\/v2\/pages\/1158\/revisions\/1745"}],"wp:attachment":[{"href":"https:\/\/staging.buggyfit.ch\/fr\/wp-json\/wp\/v2\/media?parent=1158"}],"curies":[{"name":"wp","href":"https:\/\/api.w.org\/{rel}","templated":true}]}}