{"id":1170,"date":"2018-04-18T13:10:07","date_gmt":"2018-04-18T11:10:07","guid":{"rendered":"https:\/\/buggyfit.ch\/webtracking-einstellungen\/"},"modified":"2020-02-19T14:02:35","modified_gmt":"2020-02-19T13:02:35","slug":"parametres-de-suivi-internet","status":"publish","type":"page","link":"https:\/\/staging.buggyfit.ch\/fr\/parametres-de-suivi-internet\/","title":{"rendered":"Param\u00e8tres de suivi Internet"},"content":{"rendered":"<div class=\"wpb-content-wrapper\"><p>[vc_row][vc_column][vc_column_text]<\/p>\n<h1>Param\u00e8tres de suivi Internet<\/h1>\n<p>[\/vc_column_text]<div class=\"cookie_status\"><p>Le traceur a \u00e9t\u00e9 activ\u00e9 sur cette page.<\/p><button class=\"cookie_status__button js-cookie_status__button\" data-value=\"disable\">deactiver maintenant<\/button><\/div>[vc_column_text]Ceci d\u00e9sactivera le suivi Google Analytics pour ce site Web.<\/p>\n<p>Remarque : Ce param\u00e8tre reste en vigueur pour toutes les visites ult\u00e9rieures.<br \/>\nToutefois, vous devez effectuer ce param\u00e9trage pour chaque navigateur et appareil individuellement ou une fois que vous avez vid\u00e9 la m\u00e9moire cache de votre navigateur.[\/vc_column_text][\/vc_column][\/vc_row]<\/p>\n<\/div>","protected":false},"excerpt":{"rendered":"<p>[vc_row][vc_column][vc_column_text] Param\u00e8tres de suivi Internet [\/vc_column_text][vc_column_text]Ceci d\u00e9sactivera le suivi Google Analytics pour ce site Web. Remarque : Ce param\u00e8tre reste en vigueur pour toutes les visites ult\u00e9rieures. Toutefois, vous devez effectuer ce param\u00e9trage pour chaque navigateur et appareil individuellement ou une fois que vous avez vid\u00e9 la m\u00e9moire cache de votre navigateur.[\/vc_column_text][\/vc_column][\/vc_row]<\/p>\n","protected":false},"author":13,"featured_media":0,"parent":0,"menu_order":44,"comment_status":"closed","ping_status":"closed","template":"","meta":{"_acf_changed":false,"footnotes":""},"class_list":["post-1170","page","type-page","status-publish","hentry"],"acf":[],"yoast_head":"<!-- This site is optimized with the Yoast SEO plugin v26.4 - https:\/\/yoast.com\/wordpress\/plugins\/seo\/ -->\n<title>Param\u00e8tres de suivi Internet - Buggyfit<\/title>\n<meta name=\"robots\" content=\"noindex, nofollow\" \/>\n<meta property=\"og:locale\" content=\"fr_FR\" \/>\n<meta property=\"og:type\" content=\"article\" \/>\n<meta property=\"og:title\" content=\"Param\u00e8tres de suivi Internet - Buggyfit\" \/>\n<meta property=\"og:description\" content=\"[vc_row][vc_column][vc_column_text] Param\u00e8tres de suivi Internet [\/vc_column_text][vc_column_text]Ceci d\u00e9sactivera le suivi Google Analytics pour ce site Web. Remarque : Ce param\u00e8tre reste en vigueur pour toutes les visites ult\u00e9rieures. Toutefois, vous devez effectuer ce param\u00e9trage pour chaque navigateur et appareil individuellement ou une fois que vous avez vid\u00e9 la m\u00e9moire cache de votre navigateur.[\/vc_column_text][\/vc_column][\/vc_row]\" \/>\n<meta property=\"og:url\" content=\"https:\/\/staging.buggyfit.ch\/fr\/parametres-de-suivi-internet\/\" \/>\n<meta property=\"og:site_name\" content=\"Buggyfit\" \/>\n<meta property=\"article:modified_time\" content=\"2020-02-19T13:02:35+00:00\" \/>\n<meta name=\"twitter:card\" content=\"summary_large_image\" \/>\n<script type=\"application\/ld+json\" class=\"yoast-schema-graph\">{\"@context\":\"https:\/\/schema.org\",\"@graph\":[{\"@type\":\"WebPage\",\"@id\":\"https:\/\/staging.buggyfit.ch\/fr\/parametres-de-suivi-internet\/\",\"url\":\"https:\/\/staging.buggyfit.ch\/fr\/parametres-de-suivi-internet\/\",\"name\":\"Param\u00e8tres de suivi Internet - Buggyfit\",\"isPartOf\":{\"@id\":\"https:\/\/staging.buggyfit.ch\/fr\/#website\"},\"datePublished\":\"2018-04-18T11:10:07+00:00\",\"dateModified\":\"2020-02-19T13:02:35+00:00\",\"breadcrumb\":{\"@id\":\"https:\/\/staging.buggyfit.ch\/fr\/parametres-de-suivi-internet\/#breadcrumb\"},\"inLanguage\":\"fr-FR\",\"potentialAction\":[{\"@type\":\"ReadAction\",\"target\":[\"https:\/\/staging.buggyfit.ch\/fr\/parametres-de-suivi-internet\/\"]}]},{\"@type\":\"BreadcrumbList\",\"@id\":\"https:\/\/staging.buggyfit.ch\/fr\/parametres-de-suivi-internet\/#breadcrumb\",\"itemListElement\":[{\"@type\":\"ListItem\",\"position\":1,\"name\":\"Home\",\"item\":\"https:\/\/staging.buggyfit.ch\/fr\/\"},{\"@type\":\"ListItem\",\"position\":2,\"name\":\"Param\u00e8tres de suivi Internet\"}]},{\"@type\":\"WebSite\",\"@id\":\"https:\/\/staging.buggyfit.ch\/fr\/#website\",\"url\":\"https:\/\/staging.buggyfit.ch\/fr\/\",\"name\":\"Buggyfit\",\"description\":\"\",\"potentialAction\":[{\"@type\":\"SearchAction\",\"target\":{\"@type\":\"EntryPoint\",\"urlTemplate\":\"https:\/\/staging.buggyfit.ch\/fr\/?s={search_term_string}\"},\"query-input\":{\"@type\":\"PropertyValueSpecification\",\"valueRequired\":true,\"valueName\":\"search_term_string\"}}],\"inLanguage\":\"fr-FR\"}]}<\/script>\n<!-- \/ Yoast SEO plugin. -->","yoast_head_json":{"title":"Param\u00e8tres de suivi Internet - Buggyfit","robots":{"index":"noindex","follow":"nofollow"},"og_locale":"fr_FR","og_type":"article","og_title":"Param\u00e8tres de suivi Internet - Buggyfit","og_description":"[vc_row][vc_column][vc_column_text] Param\u00e8tres de suivi Internet [\/vc_column_text][vc_column_text]Ceci d\u00e9sactivera le suivi Google Analytics pour ce site Web. Remarque : Ce param\u00e8tre reste en vigueur pour toutes les visites ult\u00e9rieures. Toutefois, vous devez effectuer ce param\u00e9trage pour chaque navigateur et appareil individuellement ou une fois que vous avez vid\u00e9 la m\u00e9moire cache de votre navigateur.[\/vc_column_text][\/vc_column][\/vc_row]","og_url":"https:\/\/staging.buggyfit.ch\/fr\/parametres-de-suivi-internet\/","og_site_name":"Buggyfit","article_modified_time":"2020-02-19T13:02:35+00:00","twitter_card":"summary_large_image","schema":{"@context":"https:\/\/schema.org","@graph":[{"@type":"WebPage","@id":"https:\/\/staging.buggyfit.ch\/fr\/parametres-de-suivi-internet\/","url":"https:\/\/staging.buggyfit.ch\/fr\/parametres-de-suivi-internet\/","name":"Param\u00e8tres de suivi Internet - Buggyfit","isPartOf":{"@id":"https:\/\/staging.buggyfit.ch\/fr\/#website"},"datePublished":"2018-04-18T11:10:07+00:00","dateModified":"2020-02-19T13:02:35+00:00","breadcrumb":{"@id":"https:\/\/staging.buggyfit.ch\/fr\/parametres-de-suivi-internet\/#breadcrumb"},"inLanguage":"fr-FR","potentialAction":[{"@type":"ReadAction","target":["https:\/\/staging.buggyfit.ch\/fr\/parametres-de-suivi-internet\/"]}]},{"@type":"BreadcrumbList","@id":"https:\/\/staging.buggyfit.ch\/fr\/parametres-de-suivi-internet\/#breadcrumb","itemListElement":[{"@type":"ListItem","position":1,"name":"Home","item":"https:\/\/staging.buggyfit.ch\/fr\/"},{"@type":"ListItem","position":2,"name":"Param\u00e8tres de suivi Internet"}]},{"@type":"WebSite","@id":"https:\/\/staging.buggyfit.ch\/fr\/#website","url":"https:\/\/staging.buggyfit.ch\/fr\/","name":"Buggyfit","description":"","potentialAction":[{"@type":"SearchAction","target":{"@type":"EntryPoint","urlTemplate":"https:\/\/staging.buggyfit.ch\/fr\/?s={search_term_string}"},"query-input":{"@type":"PropertyValueSpecification","valueRequired":true,"valueName":"search_term_string"}}],"inLanguage":"fr-FR"}]}},"_links":{"self":[{"href":"https:\/\/staging.buggyfit.ch\/fr\/wp-json\/wp\/v2\/pages\/1170","targetHints":{"allow":["GET"]}}],"collection":[{"href":"https:\/\/staging.buggyfit.ch\/fr\/wp-json\/wp\/v2\/pages"}],"about":[{"href":"https:\/\/staging.buggyfit.ch\/fr\/wp-json\/wp\/v2\/types\/page"}],"author":[{"embeddable":true,"href":"https:\/\/staging.buggyfit.ch\/fr\/wp-json\/wp\/v2\/users\/13"}],"replies":[{"embeddable":true,"href":"https:\/\/staging.buggyfit.ch\/fr\/wp-json\/wp\/v2\/comments?post=1170"}],"version-history":[{"count":2,"href":"https:\/\/staging.buggyfit.ch\/fr\/wp-json\/wp\/v2\/pages\/1170\/revisions"}],"predecessor-version":[{"id":1395,"href":"https:\/\/staging.buggyfit.ch\/fr\/wp-json\/wp\/v2\/pages\/1170\/revisions\/1395"}],"wp:attachment":[{"href":"https:\/\/staging.buggyfit.ch\/fr\/wp-json\/wp\/v2\/media?parent=1170"}],"curies":[{"name":"wp","href":"https:\/\/api.w.org\/{rel}","templated":true}]}}