{"id":1174,"date":"2018-04-18T13:02:40","date_gmt":"2018-04-18T11:02:40","guid":{"rendered":"https:\/\/buggyfit.ch\/datenschutzerklaerung\/"},"modified":"2020-02-24T14:24:45","modified_gmt":"2020-02-24T13:24:45","slug":"protection-des-donnees","status":"publish","type":"page","link":"https:\/\/staging.buggyfit.ch\/fr\/protection-des-donnees\/","title":{"rendered":"Protection des donn\u00e9es"},"content":{"rendered":"<div class=\"wpb-content-wrapper\"><p>[vc_row][vc_column][vc_column_text]<\/p>\n<h1>Protection des donn\u00e9es<\/h1>\n<p>Le site Internet de <a href=\"https:\/\/staging.buggyfit.ch\/impressum\/\">Verein PEBS<\/a> et l&rsquo;entreprise <a href=\"https:\/\/staging.buggyfit.ch\/impressum\/\">nutrimove GmbH<\/a> (ci-apr\u00e8s d\u00e9nomm\u00e9 \u00abSite Internet\u00bb) est soumis au droit suisse sur la protection des donn\u00e9es, en particulier en vertu de la\u00a0<a href=\"https:\/\/www.admin.ch\/opc\/de\/classified-compilation\/19920153\/index.html\" target=\"_blank\" rel=\"noopener noreferrer\">loi f\u00e9d\u00e9rale sur la protection des donn\u00e9es<\/a>\u00a0(LPD)\u00a0et de toute loi \u00e9trang\u00e8re applicable sur la protection des donn\u00e9es telle que le\u00a0<a href=\"https:\/\/steigerlegal.ch\/2018\/01\/25\/dsgvo-uebersicht-schweiz\/\" target=\"_blank\" rel=\"noopener noreferrer\">R\u00e8glement g\u00e9n\u00e9ral sur la protection des donn\u00e9es<\/a>\u00a0(RGPD) de l\u2019Union europ\u00e9enne (UE). L\u2019UE\u00a0<a href=\"https:\/\/ec.europa.eu\/info\/law\/law-topic\/data-protection\/data-transfers-outside-eu\/adequacy-protection-personal-data-non-eu-countries_de\">reconna\u00eet<\/a>\u00a0que la l\u00e9gislation suisse sur la protection des donn\u00e9es assure une protection ad\u00e9quate des donn\u00e9es.gew\u00e4hrleistet.<\/p>\n<p>Nous pouvons modifier notre politique de confidentialit\u00e9 \u00e0 tout moment en l\u2019affichant sur ce site Web.<\/p>\n<p>L\u2019acc\u00e8s \u00e0 ce site Web se fait par S\u00e9curit\u00e9 de la couche de transport (SSL\/TLS).<\/p>\n<p>L\u2019acc\u00e8s \u00e0 ce site Web est soumis \u2013 comme toute utilisation d\u2019internet \u2013 \u00e0 une surveillance de masse g\u00e9n\u00e9rale, non initi\u00e9e, aveugle et ind\u00e9pendante de toute suspicion par les autorit\u00e9s de s\u00e9curit\u00e9 en Suisse, dans l\u2019UE, aux Etats-Unis et dans d\u2019autres pays.<\/p>\n<h3>Donn\u00e9es d\u2019acc\u00e8s \/ fichiers journaux du serveur<\/h3>\n<p class=\"nomargin\">L\u2019h\u00e9bergeur collecte les donn\u00e9es relatives \u00e0 l\u2019acc\u00e8s \u00e0 ce site Web et les stocke sous forme de \u00ab\u00a0fichiers journaux du serveur\u00a0\u00bb. Les donn\u00e9es suivantes sont enregistr\u00e9es de cette fa\u00e7on:<\/p>\n<ul>\n<li>Site Web visit\u00e9<\/li>\n<li>Heure au moment de l\u2019acc\u00e8s<\/li>\n<li>Quantit\u00e9 de donn\u00e9es envoy\u00e9es en octets<\/li>\n<li>Source\/r\u00e9f\u00e9rence \u00e0 partir de laquelle vous \u00eates arriv\u00e9 sur la page<\/li>\n<li>Navigateur utilis\u00e9<\/li>\n<li>Syst\u00e8me d\u2019exploitation utilis\u00e9<\/li>\n<li>Adresse IP utilis\u00e9e<\/li>\n<\/ul>\n<p>Les donn\u00e9es collect\u00e9es ne sont utilis\u00e9es que pour des \u00e9valuations statistiques et pour am\u00e9liorer les serveurs Web. Toutefois, l\u2019h\u00e9bergeur se r\u00e9serve le droit de v\u00e9rifier ult\u00e9rieurement les donn\u00e9es de navigation du serveur en cas d\u2019indications concr\u00e8tes d\u2019utilisation ill\u00e9gale.<\/p>\n<h3>Traitement des donn\u00e9es personnelles<\/h3>\n<p>En principe, vous pouvez visiter ce site Web sans fournir aucune information personnelle. Nous enregistrons uniquement des donn\u00e9es sans r\u00e9f\u00e9rence \u00e0 votre personne, en particulier le nom de votre fournisseur d\u2019acc\u00e8s Internet, les pages que vous avez \u00e9ventuellement d\u00e9j\u00e0 visit\u00e9es ou les champs sur lesquels vous cliquez sur ce site. Ces donn\u00e9es sont utilis\u00e9es afin d\u2019am\u00e9liorer nos services et ne permettent cependant pas de tirer de conclusions concernant votre personne.<\/p>\n<h3>Contact<\/h3>\n<p>Nous recueillons des donn\u00e9es personnelles si vous nous les communiquez sur votre propre initiative, par exemple lorsque vous nous contactez. Nous utiliserons les donn\u00e9es personnelles soumises de la sorte exclusivement aux fins pour lesquelles vous les avez mises \u00e0 notre disposition lors du contact.<\/p>\n<p>Une communication de ces informations est express\u00e9ment fournie \u00e0 titre volontaire et avec votre consentement. En ce qui concerne les informations transitant sur les canaux de communication (adresse e-mail, num\u00e9ro de t\u00e9l\u00e9phone, par exemple), vous acceptez \u00e9galement que nous puissions vous contacter via ce canal de communication pour r\u00e9pondre \u00e0 votre demande.<\/p>\n<p>Bien entendu, vous pouvez r\u00e9voquer vos d\u00e9clarations de consentement en tout temps \u00e0 l\u2019avenir. Dans ce but, veuillez nous contacter par <a href=\"mailto:pebs@usz.ch\">e-mail<\/a>.<\/p>\n<h4>Utilisation de Google Analytics avec fonction d\u2019anonymisation<\/h4>\n<p>Ce site Web utilise \u00ab\u00a0Google Analytics\u00a0\u00bb, un service d\u2019analyse Web fourni par Google Inc, 1600 Amphitheatre Parkway, Mountain View, CA 94043 USA, ci-apr\u00e8s d\u00e9nomm\u00e9 \u00ab\u00a0Google\u00a0\u00bb. Google Analytics utilise des cookies. Il s\u2019agit de fichiers texte stock\u00e9s sur votre ordinateur permettant une analyse de votre utilisation du site Web. Les informations g\u00e9n\u00e9r\u00e9es par les cookies concernant votre utilisation du site Web sont g\u00e9n\u00e9ralement transmises et stock\u00e9es par Google, sur des serveurs situ\u00e9s aux \u00c9tats-Unis. Toutefois, si l\u2019anonymisation IP est activ\u00e9e sur le site Web, votre adresse IP sera raccourcie par Google au pr\u00e9alable dans les \u00c9tats membres de l\u2019Union europ\u00e9enne (UE) ou dans les autres \u00c9tats contractants de l\u2019Accord sur l\u2019Espace \u00e9conomique europ\u00e9en (EEE). L\u2019adresse IP compl\u00e8te n\u2019est transmise \u00e0 un serveur Google aux \u00c9tats-Unis et raccourcie \u00e0 cet endroit qu\u2019en cas exceptionnels. Google utilisera ces informations en notre nom pour \u00e9valuer votre utilisation du site Web, compiler des rapports sur l\u2019activit\u00e9 du site Web et fournir d\u2019autres services \u00e0 l\u2019exploitant du site Web concernant l\u2019activit\u00e9 du site et l\u2019utilisation d\u2019internet. L\u2019adresse IP transmise par votre navigateur dans le cadre de Google Analytics n\u2019est pas combin\u00e9e avec d\u2019autres donn\u00e9es de Google. Vous pouvez emp\u00eacher l\u2019enregistrement de cookies en r\u00e9glant les param\u00e8tres de votre navigateur en cons\u00e9quence. Nous attirons toutefois votre attention sur le fait que, dans ce cas, il se peut que vous ne puissiez pas utiliser toutes les fonctions de ce site Web dans toute leur \u00e9tendue. Vous pouvez \u00e9galement emp\u00eacher Google de collecter les donn\u00e9es relatives \u00e0 votre utilisation de ce site Web (y compris votre adresse IP) g\u00e9n\u00e9r\u00e9es par le cookie et de traiter ces donn\u00e9es en t\u00e9l\u00e9chargeant et installant le plug-in de navigateur disponible sur le lien suivant (<a href=\"http:\/\/tools.google.com\/dlpage\/gaoptout%C2%A0?hl=fr\">http:\/\/tools.google.com\/dlpage\/gaoptout\u00a0?hl=fr<\/a>).<\/p>\n<p>Vous trouverez de plus amples informations sur les conditions d\u2019utilisation et la protection des donn\u00e9es sur\u00a0<a href=\"http:\/\/www.google.com\/analytics\/terms\/fr.html%20https:\/www.google.fr\/intl\/fr\/policies\/\">http:\/\/www.google.com\/analytics\/terms\/fr.html<\/a>\u00a0et\u00a0https:\/\/www.google.fr\/intl\/fr\/policies\/. Nous attirons votre attention sur le fait que Google Analytics a \u00e9t\u00e9 compl\u00e9t\u00e9 par le code \u00ab\u00a0anonymizeIp\u00a0\u00bb sur ce site Web afin de garantir une collecte anonyme des adresses IP (masquage IP).<\/p>\n<p>Comme alternative \u00e0 l\u2019extension de navigateur ou dans les navigateurs sur les appareils mobiles, vous pouvez d\u00e9sactiver le suivi Web en cliquant sur le lien suivant: <a href=\"https:\/\/staging.buggyfit.ch\/webtracking-einstellungen\/\">Param\u00e8tres de suivi Web<\/a>.<\/p>\n<h3>Utilisation de Google Maps<\/h3>\n<p>Ce site Internet utilise le composant \u00abGoogle Maps\u00bb de Google.<\/p>\n<p>Chaque fois que ce composant est appel\u00e9, Google met en place un cookie afin de traiter les param\u00e8tres et les donn\u00e9es de l\u2019utilisateur lors de l\u2019affichage de la page dans laquelle le composant \u00abGoogle Maps\u00bb est int\u00e9gr\u00e9. En r\u00e8gle g\u00e9n\u00e9rale, ce cookie n\u2019est pas effac\u00e9 lorsque vous fermez votre navigateur, mais expire apr\u00e8s un certain temps, \u00e0 moins que vous ne le supprimiez manuellement au pr\u00e9alable.<\/p>\n<p>Si vous n\u2019\u00eates pas d\u2019accord avec ce traitement de vos donn\u00e9es, il est possible de d\u00e9sactiver le service de Google Maps et d\u2019emp\u00eacher ainsi le transfert de donn\u00e9es vers Google. Pour ce faire, vous devez d\u00e9sactiver la fonction JavaScript dans votre navigateur, mais cela peut signifier que toutes les fonctions de ce site Internet ne fonctionnent pas correctement.<\/p>\n<p>L\u2019utilisation de Google Maps et des informations obtenues via Google Maps sont r\u00e9gies par les conditions d\u2019utilisation de Google.\u00a0<a href=\"http:\/\/www.google.de\/intl\/de\/policies\/terms\/regional.html\" target=\"_blank\" rel=\"nofollow noopener noreferrer\">http:\/\/www.google.de\/intl\/de\/policies\/terms\/regional.html<\/a>\u00a0et les conditions suppl\u00e9mentaires pour Google Maps\u00a0<a href=\"https:\/\/www.google.com\/intl\/de_de\/help\/terms_maps.html\" target=\"_blank\" rel=\"nofollow noopener noreferrer\">https:\/\/www.google.com\/intl\/de_de\/help\/terms_maps.html<\/a>.<\/p>\n<h3>Utilisation de Google Webfonts.<\/h3>\n<p>Des polices externes, \u00abGoogle Fonts\u00bb, sont utilis\u00e9es sur ce site web.<\/p>\n<p>Google Fonts est un service de Google. Ces polices web sont int\u00e9gr\u00e9es en appelant un serveur, g\u00e9n\u00e9ralement un serveur Google aux \u00c9tats-Unis. Cela transmet au serveur les sites Web que vous avez visit\u00e9s. L&rsquo;adresse IP du navigateur de l&rsquo;appareil final du visiteur de ce site web est \u00e9galement enregistr\u00e9e par Google. Vous pouvez trouver plus d&rsquo;informations dans la politique de confidentialit\u00e9 de Google, \u00e0 laquelle vous pouvez acc\u00e9der ici: \u00a0\u00bb<br \/>\n<a class=\"text\" href=\"https:\/\/www.google.com\/fonts#AboutPlace:about\" target=\"_blank\" rel=\"nofollow noopener noreferrer\">www.google.com\/fonts#AboutPlace:about<\/a><br \/>\n<a class=\"text\" href=\"https:\/\/www.google.com\/policies\/privacy\/\" target=\"_blank\" rel=\"nofollow noopener noreferrer\">www.google.com\/policies\/privacy\/<\/a><\/p>\n<h3>Utilisation de plug-ins de r\u00e9seaux sociaux<\/h3>\n<p>Le pr\u00e9sent site web utilise en partie des plugins sociaux de r\u00e9seaux sociaux tels que LinkedIn, Xing, Facebook, Google+, Instagram et Twitter. Les contenus de ces plugins sont directement transmis depuis les sites des r\u00e9seaux sociaux correspondants. Si vous \u00eates connect\u00e9 sur un r\u00e9seau social au moment o\u00f9 vous consultez le pr\u00e9sent site web, le r\u00e9seau social peut enregistrer votre visite sur ce site.<\/p>\n<p>Notre conseil: d\u00e9connectez-vous toujours des r\u00e9seaux sociaux si vous ne souhaitez pas que votre comportement de navigation soit enregistr\u00e9 par les r\u00e9seaux sociaux tels que Facebook, etc<\/p>\n<h3>Cookies<\/h3>\n<p>Les cookies sont de petits fichiers texte stock\u00e9s de mani\u00e8re permanente ou temporaire sur votre ordinateur lorsque vous visitez ce site Web. Les cookies ont notamment pour but d\u2019analyser l\u2019utilisation de ce site Web \u00e0 des fins statistiques et d\u2019am\u00e9lioration.<\/p>\n<p>Si vous souhaitez limiter ou bloquer les cookies stock\u00e9s sur votre appareil, vous pouvez le faire via les param\u00e8tres de votre navigateur. Vous trouverez des informations \u00e0 ce sujet dans la fonction d\u2019aide de votre navigateur. Des informations compl\u00e8tes sur la fa\u00e7on de bloquer les cookies sur de nombreux navigateurs sont \u00e9galement disponibles sur <a class=\"ext extlink\" href=\"https:\/\/www.computerhope.com\/issues\/ch000509.htm\" target=\"_blank\" rel=\"noopener noreferrer\">computerhope.com<\/a>. <strong>Si les cookies sont d\u00e9sactiv\u00e9s, il se peut que vous ne puissiez plus utiliser toutes les fonctions de ce site Web.<\/strong><\/p>\n<h3>Droits de l\u2019utilisateur : acc\u00e8s, rectification et suppression<\/h3>\n<p>En tant qu\u2019utilisateur, vous recevrez gratuitement des informations sur les donn\u00e9es personnelles vous concernant qui ont \u00e9t\u00e9 enregistr\u00e9es \u00e0 votre demande. Si votre demande n\u2019entre pas en conflit avec une obligation l\u00e9gale de conservation des donn\u00e9es, vous avez le droit de corriger les donn\u00e9es erron\u00e9es ainsi que de bloquer ou supprimer vos donn\u00e9es personnelles.[\/vc_column_text][\/vc_column][vc_column][\/vc_column][vc_column][\/vc_column][\/vc_row]<\/p>\n<\/div>","protected":false},"excerpt":{"rendered":"<p>[vc_row][vc_column][vc_column_text] Protection des donn\u00e9es Le site Internet de Verein PEBS et l&rsquo;entreprise nutrimove GmbH (ci-apr\u00e8s d\u00e9nomm\u00e9 \u00abSite Internet\u00bb) est soumis au droit suisse sur la protection des donn\u00e9es, en particulier en vertu de la\u00a0loi f\u00e9d\u00e9rale sur la protection des donn\u00e9es\u00a0(LPD)\u00a0et de toute loi \u00e9trang\u00e8re applicable sur la protection des donn\u00e9es telle que le\u00a0R\u00e8glement g\u00e9n\u00e9ral sur [&hellip;]<\/p>\n","protected":false},"author":13,"featured_media":0,"parent":0,"menu_order":49,"comment_status":"closed","ping_status":"closed","template":"","meta":{"_acf_changed":false,"footnotes":""},"class_list":["post-1174","page","type-page","status-publish","hentry"],"acf":[],"yoast_head":"<!-- This site is optimized with the Yoast SEO plugin v26.4 - https:\/\/yoast.com\/wordpress\/plugins\/seo\/ -->\n<title>Protection des donn\u00e9es - Buggyfit<\/title>\n<meta name=\"robots\" content=\"noindex, nofollow\" \/>\n<meta property=\"og:locale\" content=\"fr_FR\" \/>\n<meta property=\"og:type\" content=\"article\" \/>\n<meta property=\"og:title\" content=\"Protection des donn\u00e9es - Buggyfit\" \/>\n<meta property=\"og:description\" content=\"[vc_row][vc_column][vc_column_text] Protection des donn\u00e9es Le site Internet de Verein PEBS et l&rsquo;entreprise nutrimove GmbH (ci-apr\u00e8s d\u00e9nomm\u00e9 \u00abSite Internet\u00bb) est soumis au droit suisse sur la protection des donn\u00e9es, en particulier en vertu de la\u00a0loi f\u00e9d\u00e9rale sur la protection des donn\u00e9es\u00a0(LPD)\u00a0et de toute loi \u00e9trang\u00e8re applicable sur la protection des donn\u00e9es telle que le\u00a0R\u00e8glement g\u00e9n\u00e9ral sur [&hellip;]\" \/>\n<meta property=\"og:url\" content=\"https:\/\/staging.buggyfit.ch\/fr\/protection-des-donnees\/\" \/>\n<meta property=\"og:site_name\" content=\"Buggyfit\" \/>\n<meta property=\"article:modified_time\" content=\"2020-02-24T13:24:45+00:00\" \/>\n<meta name=\"twitter:card\" content=\"summary_large_image\" \/>\n<meta name=\"twitter:label1\" content=\"Dur\u00e9e de lecture estim\u00e9e\" \/>\n\t<meta name=\"twitter:data1\" content=\"8 minutes\" \/>\n<script type=\"application\/ld+json\" class=\"yoast-schema-graph\">{\"@context\":\"https:\/\/schema.org\",\"@graph\":[{\"@type\":\"WebPage\",\"@id\":\"https:\/\/staging.buggyfit.ch\/fr\/protection-des-donnees\/\",\"url\":\"https:\/\/staging.buggyfit.ch\/fr\/protection-des-donnees\/\",\"name\":\"Protection des donn\u00e9es - Buggyfit\",\"isPartOf\":{\"@id\":\"https:\/\/staging.buggyfit.ch\/fr\/#website\"},\"datePublished\":\"2018-04-18T11:02:40+00:00\",\"dateModified\":\"2020-02-24T13:24:45+00:00\",\"breadcrumb\":{\"@id\":\"https:\/\/staging.buggyfit.ch\/fr\/protection-des-donnees\/#breadcrumb\"},\"inLanguage\":\"fr-FR\",\"potentialAction\":[{\"@type\":\"ReadAction\",\"target\":[\"https:\/\/staging.buggyfit.ch\/fr\/protection-des-donnees\/\"]}]},{\"@type\":\"BreadcrumbList\",\"@id\":\"https:\/\/staging.buggyfit.ch\/fr\/protection-des-donnees\/#breadcrumb\",\"itemListElement\":[{\"@type\":\"ListItem\",\"position\":1,\"name\":\"Home\",\"item\":\"https:\/\/staging.buggyfit.ch\/fr\/\"},{\"@type\":\"ListItem\",\"position\":2,\"name\":\"Protection des donn\u00e9es\"}]},{\"@type\":\"WebSite\",\"@id\":\"https:\/\/staging.buggyfit.ch\/fr\/#website\",\"url\":\"https:\/\/staging.buggyfit.ch\/fr\/\",\"name\":\"Buggyfit\",\"description\":\"\",\"potentialAction\":[{\"@type\":\"SearchAction\",\"target\":{\"@type\":\"EntryPoint\",\"urlTemplate\":\"https:\/\/staging.buggyfit.ch\/fr\/?s={search_term_string}\"},\"query-input\":{\"@type\":\"PropertyValueSpecification\",\"valueRequired\":true,\"valueName\":\"search_term_string\"}}],\"inLanguage\":\"fr-FR\"}]}<\/script>\n<!-- \/ Yoast SEO plugin. -->","yoast_head_json":{"title":"Protection des donn\u00e9es - Buggyfit","robots":{"index":"noindex","follow":"nofollow"},"og_locale":"fr_FR","og_type":"article","og_title":"Protection des donn\u00e9es - Buggyfit","og_description":"[vc_row][vc_column][vc_column_text] Protection des donn\u00e9es Le site Internet de Verein PEBS et l&rsquo;entreprise nutrimove GmbH (ci-apr\u00e8s d\u00e9nomm\u00e9 \u00abSite Internet\u00bb) est soumis au droit suisse sur la protection des donn\u00e9es, en particulier en vertu de la\u00a0loi f\u00e9d\u00e9rale sur la protection des donn\u00e9es\u00a0(LPD)\u00a0et de toute loi \u00e9trang\u00e8re applicable sur la protection des donn\u00e9es telle que le\u00a0R\u00e8glement g\u00e9n\u00e9ral sur [&hellip;]","og_url":"https:\/\/staging.buggyfit.ch\/fr\/protection-des-donnees\/","og_site_name":"Buggyfit","article_modified_time":"2020-02-24T13:24:45+00:00","twitter_card":"summary_large_image","twitter_misc":{"Dur\u00e9e de lecture estim\u00e9e":"8 minutes"},"schema":{"@context":"https:\/\/schema.org","@graph":[{"@type":"WebPage","@id":"https:\/\/staging.buggyfit.ch\/fr\/protection-des-donnees\/","url":"https:\/\/staging.buggyfit.ch\/fr\/protection-des-donnees\/","name":"Protection des donn\u00e9es - Buggyfit","isPartOf":{"@id":"https:\/\/staging.buggyfit.ch\/fr\/#website"},"datePublished":"2018-04-18T11:02:40+00:00","dateModified":"2020-02-24T13:24:45+00:00","breadcrumb":{"@id":"https:\/\/staging.buggyfit.ch\/fr\/protection-des-donnees\/#breadcrumb"},"inLanguage":"fr-FR","potentialAction":[{"@type":"ReadAction","target":["https:\/\/staging.buggyfit.ch\/fr\/protection-des-donnees\/"]}]},{"@type":"BreadcrumbList","@id":"https:\/\/staging.buggyfit.ch\/fr\/protection-des-donnees\/#breadcrumb","itemListElement":[{"@type":"ListItem","position":1,"name":"Home","item":"https:\/\/staging.buggyfit.ch\/fr\/"},{"@type":"ListItem","position":2,"name":"Protection des donn\u00e9es"}]},{"@type":"WebSite","@id":"https:\/\/staging.buggyfit.ch\/fr\/#website","url":"https:\/\/staging.buggyfit.ch\/fr\/","name":"Buggyfit","description":"","potentialAction":[{"@type":"SearchAction","target":{"@type":"EntryPoint","urlTemplate":"https:\/\/staging.buggyfit.ch\/fr\/?s={search_term_string}"},"query-input":{"@type":"PropertyValueSpecification","valueRequired":true,"valueName":"search_term_string"}}],"inLanguage":"fr-FR"}]}},"_links":{"self":[{"href":"https:\/\/staging.buggyfit.ch\/fr\/wp-json\/wp\/v2\/pages\/1174","targetHints":{"allow":["GET"]}}],"collection":[{"href":"https:\/\/staging.buggyfit.ch\/fr\/wp-json\/wp\/v2\/pages"}],"about":[{"href":"https:\/\/staging.buggyfit.ch\/fr\/wp-json\/wp\/v2\/types\/page"}],"author":[{"embeddable":true,"href":"https:\/\/staging.buggyfit.ch\/fr\/wp-json\/wp\/v2\/users\/13"}],"replies":[{"embeddable":true,"href":"https:\/\/staging.buggyfit.ch\/fr\/wp-json\/wp\/v2\/comments?post=1174"}],"version-history":[{"count":7,"href":"https:\/\/staging.buggyfit.ch\/fr\/wp-json\/wp\/v2\/pages\/1174\/revisions"}],"predecessor-version":[{"id":1540,"href":"https:\/\/staging.buggyfit.ch\/fr\/wp-json\/wp\/v2\/pages\/1174\/revisions\/1540"}],"wp:attachment":[{"href":"https:\/\/staging.buggyfit.ch\/fr\/wp-json\/wp\/v2\/media?parent=1174"}],"curies":[{"name":"wp","href":"https:\/\/api.w.org\/{rel}","templated":true}]}}